{"id":326,"date":"2016-02-17T19:58:21","date_gmt":"2016-02-17T18:58:21","guid":{"rendered":"https:\/\/www.carciofodimontelupone.it\/?page_id=326"},"modified":"2024-04-04T10:02:23","modified_gmt":"2024-04-04T08:02:23","slug":"tagliatelle-ai-carciofi","status":"publish","type":"page","link":"https:\/\/www.carciofodimontelupone.it\/en\/ricette\/tagliatelle-ai-carciofi\/","title":{"rendered":"Tagliatelle with artichokes"},"content":{"rendered":"<h4>Montelupone Artichoke noodles are highly appreciated in Italian cuisine, especially for their fine and delicate taste.<\/h4>\n<figure id=\"attachment_496\" aria-describedby=\"caption-attachment-496\" style=\"width: 1920px\" class=\"wp-caption aligncenter\"><a href=\"https:\/\/www.carciofodimontelupone.it\/wp-content\/uploads\/2016\/02\/2016-04-05-14.20.00-1-scaled.jpg\"><img loading=\"lazy\" decoding=\"async\" class=\"size-full wp-image-496\" src=\"https:\/\/www.carciofodimontelupone.it\/wp-content\/uploads\/2016\/02\/2016-04-05-14.20.00-1-scaled.jpg\" alt=\"tagliatelle_ai_carciofi\" width=\"1920\" height=\"2560\" srcset=\"https:\/\/www.carciofodimontelupone.it\/wp-content\/uploads\/2016\/02\/2016-04-05-14.20.00-1-scaled.jpg 1920w, https:\/\/www.carciofodimontelupone.it\/wp-content\/uploads\/2016\/02\/2016-04-05-14.20.00-1-scaled-225x300.jpg 225w, https:\/\/www.carciofodimontelupone.it\/wp-content\/uploads\/2016\/02\/2016-04-05-14.20.00-1-scaled-768x1024.jpg 768w, https:\/\/www.carciofodimontelupone.it\/wp-content\/uploads\/2016\/02\/2016-04-05-14.20.00-1-scaled-1152x1536.jpg 1152w, https:\/\/www.carciofodimontelupone.it\/wp-content\/uploads\/2016\/02\/2016-04-05-14.20.00-1-scaled-1536x2048.jpg 1536w, https:\/\/www.carciofodimontelupone.it\/wp-content\/uploads\/2016\/02\/2016-04-05-14.20.00-1-scaled-9x12.jpg 9w, https:\/\/www.carciofodimontelupone.it\/wp-content\/uploads\/2016\/02\/2016-04-05-14.20.00-1-scaled-1000x1333.jpg 1000w\" sizes=\"auto, (max-width: 1920px) 100vw, 1920px\" \/><\/a><figcaption id=\"caption-attachment-496\" class=\"wp-caption-text\">Tagliatelle with artichoke of Montelupone<\/figcaption><\/figure>\n<h2>Ingredients<\/h2>\n<ol>\n<li>Artichoke of Montelupone<\/li>\n<li>lemon;<\/li>\n<li>salt;<\/li>\n<li>onion;<\/li>\n<li>extra virgin olive oil;<\/li>\n<li>nut;<\/li>\n<li>parmesan.<\/li>\n<\/ol>\n<h2>Preparation time<\/h2>\n<p>20 minutes<\/p>\n<h2>Difficulty<\/h2>\n<p>Low<\/p>\n<h2>Method<\/h2>\n<p>Clean the artichokes by discarding the outermost leaves that usually remain harder. Cut them into small wedges and dip them in <strong>water and lemon<\/strong> so as not to blacken them. In a saucepan, heat the onion and oil and add the artichokes, brown them, put half a nut and cover them with water. Cook for 15 minutes and then season the pasta cooked in another pan and add Parmesan.<\/p>\n<h2>Conservation<\/h2>\n<p>In the fridge two days.<\/p>\n<h2>Tips<\/h2>\n<p>Enjoy your meal!<\/p>","protected":false},"excerpt":{"rendered":"<p>Le tagliatelle al Carciofo di Montelupone sono molto apprezzate nella cucina italiana, soprattutto per il loro gusto fine e delicato. Ingredienti Carciofo di Montelupone; limone; sale; cipolla; olio extravergine di oliva; dado; parmigiano. Tempo di preparazione 20 minuti Difficolt\u00e0 Bassa Procedimento Pulire i carciofi scartando le foglie pi\u00f9 esterne che solitamente rimangono pi\u00f9 dure. Tagliarli [&hellip;]<\/p>\n","protected":false},"author":1,"featured_media":496,"parent":100,"menu_order":0,"comment_status":"closed","ping_status":"closed","template":"","meta":{"site-sidebar-layout":"default","site-content-layout":"","ast-site-content-layout":"default","site-content-style":"default","site-sidebar-style":"default","ast-global-header-display":"","ast-banner-title-visibility":"","ast-main-header-display":"","ast-hfb-above-header-display":"","ast-hfb-below-header-display":"","ast-hfb-mobile-header-display":"","site-post-title":"","ast-breadcrumbs-content":"","ast-featured-img":"","footer-sml-layout":"","ast-disable-related-posts":"","theme-transparent-header-meta":"","adv-header-id-meta":"","stick-header-meta":"","header-above-stick-meta":"","header-main-stick-meta":"","header-below-stick-meta":"","astra-migrate-meta-layouts":"set","ast-page-background-enabled":"default","ast-page-background-meta":{"desktop":{"background-color":"var(--ast-global-color-4)","background-image":"","background-repeat":"repeat","background-position":"center center","background-size":"auto","background-attachment":"scroll","background-type":"","background-media":"","overlay-type":"","overlay-color":"","overlay-opacity":"","overlay-gradient":""},"tablet":{"background-color":"","background-image":"","background-repeat":"repeat","background-position":"center center","background-size":"auto","background-attachment":"scroll","background-type":"","background-media":"","overlay-type":"","overlay-color":"","overlay-opacity":"","overlay-gradient":""},"mobile":{"background-color":"","background-image":"","background-repeat":"repeat","background-position":"center center","background-size":"auto","background-attachment":"scroll","background-type":"","background-media":"","overlay-type":"","overlay-color":"","overlay-opacity":"","overlay-gradient":""}},"ast-content-background-meta":{"desktop":{"background-color":"var(--ast-global-color-5)","background-image":"","background-repeat":"repeat","background-position":"center center","background-size":"auto","background-attachment":"scroll","background-type":"","background-media":"","overlay-type":"","overlay-color":"","overlay-opacity":"","overlay-gradient":""},"tablet":{"background-color":"var(--ast-global-color-5)","background-image":"","background-repeat":"repeat","background-position":"center center","background-size":"auto","background-attachment":"scroll","background-type":"","background-media":"","overlay-type":"","overlay-color":"","overlay-opacity":"","overlay-gradient":""},"mobile":{"background-color":"var(--ast-global-color-5)","background-image":"","background-repeat":"repeat","background-position":"center center","background-size":"auto","background-attachment":"scroll","background-type":"","background-media":"","overlay-type":"","overlay-color":"","overlay-opacity":"","overlay-gradient":""}},"footnotes":""},"class_list":["post-326","page","type-page","status-publish","has-post-thumbnail","hentry"],"yoast_head":"<!-- This site is optimized with the Yoast SEO plugin v27.4 - https:\/\/yoast.com\/product\/yoast-seo-wordpress\/ -->\n<title>Tagliatelle ai carciofi - Carciofo di Montelupone biologico<\/title>\n<meta name=\"description\" content=\"Descrizione della famosa ricetta delle tagliatelle ai carciofi, preparate con carciofi freschi di Montelupone, cipolle e olio.\" \/>\n<meta name=\"robots\" content=\"index, follow, max-snippet:-1, max-image-preview:large, max-video-preview:-1\" \/>\n<link rel=\"canonical\" href=\"https:\/\/www.carciofodimontelupone.it\/en\/ricette\/tagliatelle-ai-carciofi\/\" \/>\n<meta property=\"og:locale\" content=\"en_US\" \/>\n<meta property=\"og:type\" content=\"article\" \/>\n<meta property=\"og:title\" content=\"Tagliatelle ai carciofi - Carciofo di Montelupone biologico\" \/>\n<meta property=\"og:description\" content=\"Descrizione della famosa ricetta delle tagliatelle ai carciofi, preparate con carciofi freschi di Montelupone, cipolle e olio.\" \/>\n<meta property=\"og:url\" content=\"https:\/\/www.carciofodimontelupone.it\/en\/ricette\/tagliatelle-ai-carciofi\/\" \/>\n<meta property=\"og:site_name\" content=\"Carciofo di Montelupone biologico\" \/>\n<meta property=\"article:publisher\" content=\"https:\/\/www.facebook.com\/carciofodimontelupone\/\" \/>\n<meta property=\"article:modified_time\" content=\"2024-04-04T08:02:23+00:00\" \/>\n<meta property=\"og:image\" content=\"https:\/\/www.carciofodimontelupone.it\/wp-content\/uploads\/2016\/02\/2016-04-05-14.20.00-1-scaled.jpg\" \/>\n\t<meta property=\"og:image:width\" content=\"1920\" \/>\n\t<meta property=\"og:image:height\" content=\"2560\" \/>\n\t<meta property=\"og:image:type\" content=\"image\/jpeg\" \/>\n<meta name=\"twitter:card\" content=\"summary_large_image\" \/>\n<meta name=\"twitter:site\" content=\"@Carciofo_di_ML\" \/>\n<meta name=\"twitter:label1\" content=\"Est. reading time\" \/>\n\t<meta name=\"twitter:data1\" content=\"1 minute\" \/>\n<script type=\"application\/ld+json\" class=\"yoast-schema-graph\">{\"@context\":\"https:\\\/\\\/schema.org\",\"@graph\":[{\"@type\":\"WebPage\",\"@id\":\"https:\\\/\\\/www.carciofodimontelupone.it\\\/ricette\\\/tagliatelle-ai-carciofi\\\/\",\"url\":\"https:\\\/\\\/www.carciofodimontelupone.it\\\/ricette\\\/tagliatelle-ai-carciofi\\\/\",\"name\":\"Tagliatelle ai carciofi - Carciofo di Montelupone biologico\",\"isPartOf\":{\"@id\":\"https:\\\/\\\/www.carciofodimontelupone.it\\\/#website\"},\"primaryImageOfPage\":{\"@id\":\"https:\\\/\\\/www.carciofodimontelupone.it\\\/ricette\\\/tagliatelle-ai-carciofi\\\/#primaryimage\"},\"image\":{\"@id\":\"https:\\\/\\\/www.carciofodimontelupone.it\\\/ricette\\\/tagliatelle-ai-carciofi\\\/#primaryimage\"},\"thumbnailUrl\":\"https:\\\/\\\/www.carciofodimontelupone.it\\\/wp-content\\\/uploads\\\/2016\\\/02\\\/2016-04-05-14.20.00-1-scaled.jpg\",\"datePublished\":\"2016-02-17T18:58:21+00:00\",\"dateModified\":\"2024-04-04T08:02:23+00:00\",\"description\":\"Descrizione della famosa ricetta delle tagliatelle ai carciofi, preparate con carciofi freschi di Montelupone, cipolle e olio.\",\"breadcrumb\":{\"@id\":\"https:\\\/\\\/www.carciofodimontelupone.it\\\/ricette\\\/tagliatelle-ai-carciofi\\\/#breadcrumb\"},\"inLanguage\":\"en-US\",\"potentialAction\":[{\"@type\":\"ReadAction\",\"target\":[\"https:\\\/\\\/www.carciofodimontelupone.it\\\/ricette\\\/tagliatelle-ai-carciofi\\\/\"]}]},{\"@type\":\"ImageObject\",\"inLanguage\":\"en-US\",\"@id\":\"https:\\\/\\\/www.carciofodimontelupone.it\\\/ricette\\\/tagliatelle-ai-carciofi\\\/#primaryimage\",\"url\":\"https:\\\/\\\/www.carciofodimontelupone.it\\\/wp-content\\\/uploads\\\/2016\\\/02\\\/2016-04-05-14.20.00-1-scaled.jpg\",\"contentUrl\":\"https:\\\/\\\/www.carciofodimontelupone.it\\\/wp-content\\\/uploads\\\/2016\\\/02\\\/2016-04-05-14.20.00-1-scaled.jpg\",\"width\":1920,\"height\":2560,\"caption\":\"Tagliatelle al Carciofo di Montelupone\"},{\"@type\":\"BreadcrumbList\",\"@id\":\"https:\\\/\\\/www.carciofodimontelupone.it\\\/ricette\\\/tagliatelle-ai-carciofi\\\/#breadcrumb\",\"itemListElement\":[{\"@type\":\"ListItem\",\"position\":1,\"name\":\"Home\",\"item\":\"https:\\\/\\\/www.carciofodimontelupone.it\\\/\"},{\"@type\":\"ListItem\",\"position\":2,\"name\":\"Le ricette\",\"item\":\"https:\\\/\\\/www.carciofodimontelupone.it\\\/ricette\\\/\"},{\"@type\":\"ListItem\",\"position\":3,\"name\":\"Tagliatelle ai carciofi\"}]},{\"@type\":\"WebSite\",\"@id\":\"https:\\\/\\\/www.carciofodimontelupone.it\\\/#website\",\"url\":\"https:\\\/\\\/www.carciofodimontelupone.it\\\/\",\"name\":\"Carciofo di Montelupone biologico\",\"description\":\"gustoso, sano, naturale\",\"publisher\":{\"@id\":\"https:\\\/\\\/www.carciofodimontelupone.it\\\/#organization\"},\"potentialAction\":[{\"@type\":\"SearchAction\",\"target\":{\"@type\":\"EntryPoint\",\"urlTemplate\":\"https:\\\/\\\/www.carciofodimontelupone.it\\\/?s={search_term_string}\"},\"query-input\":{\"@type\":\"PropertyValueSpecification\",\"valueRequired\":true,\"valueName\":\"search_term_string\"}}],\"inLanguage\":\"en-US\"},{\"@type\":\"Organization\",\"@id\":\"https:\\\/\\\/www.carciofodimontelupone.it\\\/#organization\",\"name\":\"Il Carciofo di Montelupone biologico\",\"url\":\"https:\\\/\\\/www.carciofodimontelupone.it\\\/\",\"logo\":{\"@type\":\"ImageObject\",\"inLanguage\":\"en-US\",\"@id\":\"https:\\\/\\\/www.carciofodimontelupone.it\\\/#\\\/schema\\\/logo\\\/image\\\/\",\"url\":\"https:\\\/\\\/www.carciofodimontelupone.it\\\/wp-content\\\/uploads\\\/2025\\\/12\\\/Carciolo-di-Montelupone-Logo.webp\",\"contentUrl\":\"https:\\\/\\\/www.carciofodimontelupone.it\\\/wp-content\\\/uploads\\\/2025\\\/12\\\/Carciolo-di-Montelupone-Logo.webp\",\"width\":410,\"height\":344,\"caption\":\"Il Carciofo di Montelupone biologico\"},\"image\":{\"@id\":\"https:\\\/\\\/www.carciofodimontelupone.it\\\/#\\\/schema\\\/logo\\\/image\\\/\"},\"sameAs\":[\"https:\\\/\\\/www.facebook.com\\\/carciofodimontelupone\\\/\",\"https:\\\/\\\/x.com\\\/Carciofo_di_ML\",\"https:\\\/\\\/www.instagram.com\\\/carciofodimontelupone\\\/\"]}]}<\/script>\n<!-- \/ Yoast SEO plugin. -->","yoast_head_json":{"title":"Tagliatelle ai carciofi - Carciofo di Montelupone biologico","description":"Descrizione della famosa ricetta delle tagliatelle ai carciofi, preparate con carciofi freschi di Montelupone, cipolle e olio.","robots":{"index":"index","follow":"follow","max-snippet":"max-snippet:-1","max-image-preview":"max-image-preview:large","max-video-preview":"max-video-preview:-1"},"canonical":"https:\/\/www.carciofodimontelupone.it\/en\/ricette\/tagliatelle-ai-carciofi\/","og_locale":"en_US","og_type":"article","og_title":"Tagliatelle ai carciofi - Carciofo di Montelupone biologico","og_description":"Descrizione della famosa ricetta delle tagliatelle ai carciofi, preparate con carciofi freschi di Montelupone, cipolle e olio.","og_url":"https:\/\/www.carciofodimontelupone.it\/en\/ricette\/tagliatelle-ai-carciofi\/","og_site_name":"Carciofo di Montelupone biologico","article_publisher":"https:\/\/www.facebook.com\/carciofodimontelupone\/","article_modified_time":"2024-04-04T08:02:23+00:00","og_image":[{"width":1920,"height":2560,"url":"https:\/\/www.carciofodimontelupone.it\/wp-content\/uploads\/2016\/02\/2016-04-05-14.20.00-1-scaled.jpg","type":"image\/jpeg"}],"twitter_card":"summary_large_image","twitter_site":"@Carciofo_di_ML","twitter_misc":{"Est. reading time":"1 minute"},"schema":{"@context":"https:\/\/schema.org","@graph":[{"@type":"WebPage","@id":"https:\/\/www.carciofodimontelupone.it\/ricette\/tagliatelle-ai-carciofi\/","url":"https:\/\/www.carciofodimontelupone.it\/ricette\/tagliatelle-ai-carciofi\/","name":"Tagliatelle ai carciofi - Carciofo di Montelupone biologico","isPartOf":{"@id":"https:\/\/www.carciofodimontelupone.it\/#website"},"primaryImageOfPage":{"@id":"https:\/\/www.carciofodimontelupone.it\/ricette\/tagliatelle-ai-carciofi\/#primaryimage"},"image":{"@id":"https:\/\/www.carciofodimontelupone.it\/ricette\/tagliatelle-ai-carciofi\/#primaryimage"},"thumbnailUrl":"https:\/\/www.carciofodimontelupone.it\/wp-content\/uploads\/2016\/02\/2016-04-05-14.20.00-1-scaled.jpg","datePublished":"2016-02-17T18:58:21+00:00","dateModified":"2024-04-04T08:02:23+00:00","description":"Descrizione della famosa ricetta delle tagliatelle ai carciofi, preparate con carciofi freschi di Montelupone, cipolle e olio.","breadcrumb":{"@id":"https:\/\/www.carciofodimontelupone.it\/ricette\/tagliatelle-ai-carciofi\/#breadcrumb"},"inLanguage":"en-US","potentialAction":[{"@type":"ReadAction","target":["https:\/\/www.carciofodimontelupone.it\/ricette\/tagliatelle-ai-carciofi\/"]}]},{"@type":"ImageObject","inLanguage":"en-US","@id":"https:\/\/www.carciofodimontelupone.it\/ricette\/tagliatelle-ai-carciofi\/#primaryimage","url":"https:\/\/www.carciofodimontelupone.it\/wp-content\/uploads\/2016\/02\/2016-04-05-14.20.00-1-scaled.jpg","contentUrl":"https:\/\/www.carciofodimontelupone.it\/wp-content\/uploads\/2016\/02\/2016-04-05-14.20.00-1-scaled.jpg","width":1920,"height":2560,"caption":"Tagliatelle al Carciofo di Montelupone"},{"@type":"BreadcrumbList","@id":"https:\/\/www.carciofodimontelupone.it\/ricette\/tagliatelle-ai-carciofi\/#breadcrumb","itemListElement":[{"@type":"ListItem","position":1,"name":"Home","item":"https:\/\/www.carciofodimontelupone.it\/"},{"@type":"ListItem","position":2,"name":"Le ricette","item":"https:\/\/www.carciofodimontelupone.it\/ricette\/"},{"@type":"ListItem","position":3,"name":"Tagliatelle ai carciofi"}]},{"@type":"WebSite","@id":"https:\/\/www.carciofodimontelupone.it\/#website","url":"https:\/\/www.carciofodimontelupone.it\/","name":"Biological artichoke of Montelupone","description":"tasty, healthy, natural","publisher":{"@id":"https:\/\/www.carciofodimontelupone.it\/#organization"},"potentialAction":[{"@type":"SearchAction","target":{"@type":"EntryPoint","urlTemplate":"https:\/\/www.carciofodimontelupone.it\/?s={search_term_string}"},"query-input":{"@type":"PropertyValueSpecification","valueRequired":true,"valueName":"search_term_string"}}],"inLanguage":"en-US"},{"@type":"Organization","@id":"https:\/\/www.carciofodimontelupone.it\/#organization","name":"Biological artichoke of Montelupone","url":"https:\/\/www.carciofodimontelupone.it\/","logo":{"@type":"ImageObject","inLanguage":"en-US","@id":"https:\/\/www.carciofodimontelupone.it\/#\/schema\/logo\/image\/","url":"https:\/\/www.carciofodimontelupone.it\/wp-content\/uploads\/2025\/12\/Carciolo-di-Montelupone-Logo.webp","contentUrl":"https:\/\/www.carciofodimontelupone.it\/wp-content\/uploads\/2025\/12\/Carciolo-di-Montelupone-Logo.webp","width":410,"height":344,"caption":"Il Carciofo di Montelupone biologico"},"image":{"@id":"https:\/\/www.carciofodimontelupone.it\/#\/schema\/logo\/image\/"},"sameAs":["https:\/\/www.facebook.com\/carciofodimontelupone\/","https:\/\/x.com\/Carciofo_di_ML","https:\/\/www.instagram.com\/carciofodimontelupone\/"]}]}},"_links":{"self":[{"href":"https:\/\/www.carciofodimontelupone.it\/en\/wp-json\/wp\/v2\/pages\/326","targetHints":{"allow":["GET"]}}],"collection":[{"href":"https:\/\/www.carciofodimontelupone.it\/en\/wp-json\/wp\/v2\/pages"}],"about":[{"href":"https:\/\/www.carciofodimontelupone.it\/en\/wp-json\/wp\/v2\/types\/page"}],"author":[{"embeddable":true,"href":"https:\/\/www.carciofodimontelupone.it\/en\/wp-json\/wp\/v2\/users\/1"}],"replies":[{"embeddable":true,"href":"https:\/\/www.carciofodimontelupone.it\/en\/wp-json\/wp\/v2\/comments?post=326"}],"version-history":[{"count":11,"href":"https:\/\/www.carciofodimontelupone.it\/en\/wp-json\/wp\/v2\/pages\/326\/revisions"}],"predecessor-version":[{"id":11301,"href":"https:\/\/www.carciofodimontelupone.it\/en\/wp-json\/wp\/v2\/pages\/326\/revisions\/11301"}],"up":[{"embeddable":true,"href":"https:\/\/www.carciofodimontelupone.it\/en\/wp-json\/wp\/v2\/pages\/100"}],"wp:featuredmedia":[{"embeddable":true,"href":"https:\/\/www.carciofodimontelupone.it\/en\/wp-json\/wp\/v2\/media\/496"}],"wp:attachment":[{"href":"https:\/\/www.carciofodimontelupone.it\/en\/wp-json\/wp\/v2\/media?parent=326"}],"curies":[{"name":"wp","href":"https:\/\/api.w.org\/{rel}","templated":true}]}}