{"id":182,"date":"2014-03-25T16:10:15","date_gmt":"2014-03-25T15:10:15","guid":{"rendered":"https:\/\/www.carciofodimontelupone.it\/?page_id=182"},"modified":"2022-03-25T09:22:13","modified_gmt":"2022-03-25T08:22:13","slug":"proprieta-nutritive-carciofo","status":"publish","type":"page","link":"https:\/\/www.carciofodimontelupone.it\/en\/curiosita\/proprieta-nutritive-carciofo\/","title":{"rendered":"Nutritional properties of the artichoke"},"content":{"rendered":"<h2>Nutritional properties of the artichoke and related benefits for human health.<\/h2>\n<p>The artichoke, according to recent studies, must be considered an authentic universal remedy thanks to its rich properties: it is a tonic and digestive food.<\/p>\n<p>The <a href=\"https:\/\/en.wikipedia.org\/wiki\/Cynarine\" target=\"_blank\" rel=\"noopener noreferrer\"><strong>cynarine<\/strong><\/a> contained in the artichoke causes an increase in biliary flow and diuresis and is therefore hepato-protective, carrying out an important protective action of the liver, the organ assigned to purify all the toxic substances ingested with incorrect nutrition or excessive use of alcohol.<\/p>\n<p><a href=\"https:\/\/www.carciofodimontelupone.it\/wp-content\/uploads\/2019\/09\/nn.jpg\"><img loading=\"lazy\" decoding=\"async\" class=\"wp-image-1367 size-full\" style=\"font-family: 'Open Sans', sans-serif; font-size: 15px; font-style: normal; font-variant: normal; line-height: 1.62em;\" title=\"Fresh artichokes\" src=\"https:\/\/www.carciofodimontelupone.it\/wp-content\/uploads\/2019\/09\/nn.jpg\" alt=\"Carciofo di Montelupone\" width=\"960\" height=\"540\" srcset=\"https:\/\/www.carciofodimontelupone.it\/wp-content\/uploads\/2019\/09\/nn.jpg 960w, https:\/\/www.carciofodimontelupone.it\/wp-content\/uploads\/2019\/09\/nn-300x169.jpg 300w, https:\/\/www.carciofodimontelupone.it\/wp-content\/uploads\/2019\/09\/nn-768x432.jpg 768w, https:\/\/www.carciofodimontelupone.it\/wp-content\/uploads\/2019\/09\/nn-18x10.jpg 18w, https:\/\/www.carciofodimontelupone.it\/wp-content\/uploads\/2019\/09\/nn-400x225.jpg 400w, https:\/\/www.carciofodimontelupone.it\/wp-content\/uploads\/2019\/09\/nn-750x422.jpg 750w, https:\/\/www.carciofodimontelupone.it\/wp-content\/uploads\/2019\/09\/nn-640x360.jpg 640w\" sizes=\"auto, (max-width: 960px) 100vw, 960px\" \/><\/a><\/p>\n<figure id=\"attachment_1370\" aria-describedby=\"caption-attachment-1370\" style=\"width: 3264px\" class=\"wp-caption aligncenter\"><a href=\"https:\/\/www.carciofodimontelupone.it\/wp-content\/uploads\/2019\/09\/20160315_183152.jpg\"><img loading=\"lazy\" decoding=\"async\" class=\"size-full wp-image-1370\" src=\"https:\/\/www.carciofodimontelupone.it\/wp-content\/uploads\/2019\/09\/20160315_183152.jpg\" alt=\"Carciofo di Montelupone\" width=\"3264\" height=\"1836\"><\/a><figcaption id=\"caption-attachment-1370\" class=\"wp-caption-text\">Biological artichoke of Montelupone<\/figcaption><\/figure>\n<p>The use of the artichoke must enter into everyday food, essential for those suffering from <strong>cholesterol<\/strong> medium-high and <strong>triglycerides<\/strong>. The artichoke is also rich in potassium and iron salts. In the artichoke there are also some sugars allowed to diabetics, such as mannite and inulin and other minerals such as copper, zinc, sodium, phosphorus and manganese. The artichoke extracts obtained from different parts of the plant (leaves, fruits and roots) have been used as a medicine since ancient times. The high fiber content present in artichokes helps in improving the functions of the digestive tract and is a good laxative.<\/p>\n<p>Its draining effect is one of the first reasons that leads the artichoke to be an excellent agent for promoting of a <strong>gradual loss of weight.<\/strong>.<br \/>\nConsuming artichoke has no side effects.<\/p>\n<p style=\"text-align: left;\">In the artichoke there is a chlorogenic acid, <strong>antioxidant<\/strong>, which is capable of preventing arteriosclerotic and cardiovascular diseases. The substances with antioxidant properties contained in the artichoke have a potential anticancer activity which is still the subject of research.<br \/>\nTo benefit from these extraordinary healing qualities, it would be necessary to take an amount of artichoke, preferably fresh, equal to 100-300 g per day for a fairly long period.<br \/>\nThe artichoke is an excellent food that helps the body in anti-inflammatory, antimicrobial and antioxidant activities. With its nutritional properties, <strong>regulates appetite and diuresis<\/strong>.<\/p>\n<p style=\"text-align: left;\">The artichoke has very few calories (22 Kcal per 100 gr). Raw or cooked, with modest condiments, artichokes are a useful food to fight diabetes, cholesterol, hypertension, cellulite and overweight. It also has sedative and tranquilizing properties.<\/p>\n<p><span style=\"font-family: 'Times New Roman'; font-size: medium;\">&nbsp;<\/span><\/p>\n<p><i><span style=\"font-size: medium;\"><span style=\"font-family: 'Times New Roman';\">Cfr. \u201cQualit\u00e0 nutrizionale ed aspetti salutistici del carciofo: impatto sulla salute del consumatore\u201d.Durazzo A, Azzini E, Foddai MS, Catasta G, Miccadei S, Fraioli R, Di Venere D, Linsalata V, Cardinali A, Pieralice M, Sergio L, Maiani G. (2007). INRAN Istituto Nazionale di Ricerna per gli Alimenti e la Nutrizione.<\/span><\/span><\/i><\/p>\n<p>Artichokes are a valuable source of <strong>potassium and iron salts<\/strong>. They contain the <strong>cynarine<\/strong>, which promotes diuresis and biliary secretion. Usually the flower and bracts are eaten, after eliminating the external, harder ones. Undisputed protectors of the <strong>liver<\/strong>, artichokes cause an increase in bile flow and are very suitable in the diet of diabetics. The infusion prepared with artichoke leaves, which can be associated with other herbs, is truly miraculous from the point of view of stimulating diuresis and&nbsp;<strong>elimination of toxins<\/strong>: the taste is bitter, but the benefit is guaranteed.<\/p>\n<p>Artichokes are also among the foods with the most <strong>high fiber content<\/strong>therefore useful for intestinal regularity.<\/p>\n<p>The artichoke is a food that also has a positive effect on <strong>cardiovascular system<\/strong>, as it is a cholesterol lowering food. Before buying it, check that it is firm and without stains. To recognize its freshness, grasp it with your index and thumb, pressing: if the artichokes resist and do not flatten, freshness is guaranteed.<\/p>","protected":false},"excerpt":{"rendered":"<p>Propriet\u00e0 nutritive del carciofo e relativi benefici per la salute umana. Il carciofo, alla luce dei pi\u00f9 recenti studi, deve essere considerato un autentico toccasana grazie alle sue ricche propriet\u00e0: \u00e8 un alimento tonico e digestivo. La cinarina contenuta nel carciofo provoca un aumento del flusso biliare e della diuresi ed \u00e8 quindi epato-protettrice, svolgendo [&hellip;]<\/p>\n","protected":false},"author":1,"featured_media":1367,"parent":102,"menu_order":0,"comment_status":"closed","ping_status":"closed","template":"","meta":{"site-sidebar-layout":"default","site-content-layout":"","ast-site-content-layout":"default","site-content-style":"default","site-sidebar-style":"default","ast-global-header-display":"","ast-banner-title-visibility":"","ast-main-header-display":"","ast-hfb-above-header-display":"","ast-hfb-below-header-display":"","ast-hfb-mobile-header-display":"","site-post-title":"","ast-breadcrumbs-content":"","ast-featured-img":"","footer-sml-layout":"","ast-disable-related-posts":"","theme-transparent-header-meta":"","adv-header-id-meta":"","stick-header-meta":"","header-above-stick-meta":"","header-main-stick-meta":"","header-below-stick-meta":"","astra-migrate-meta-layouts":"default","ast-page-background-enabled":"default","ast-page-background-meta":{"desktop":{"background-color":"var(--ast-global-color-4)","background-image":"","background-repeat":"repeat","background-position":"center center","background-size":"auto","background-attachment":"scroll","background-type":"","background-media":"","overlay-type":"","overlay-color":"","overlay-opacity":"","overlay-gradient":""},"tablet":{"background-color":"","background-image":"","background-repeat":"repeat","background-position":"center center","background-size":"auto","background-attachment":"scroll","background-type":"","background-media":"","overlay-type":"","overlay-color":"","overlay-opacity":"","overlay-gradient":""},"mobile":{"background-color":"","background-image":"","background-repeat":"repeat","background-position":"center center","background-size":"auto","background-attachment":"scroll","background-type":"","background-media":"","overlay-type":"","overlay-color":"","overlay-opacity":"","overlay-gradient":""}},"ast-content-background-meta":{"desktop":{"background-color":"var(--ast-global-color-5)","background-image":"","background-repeat":"repeat","background-position":"center center","background-size":"auto","background-attachment":"scroll","background-type":"","background-media":"","overlay-type":"","overlay-color":"","overlay-opacity":"","overlay-gradient":""},"tablet":{"background-color":"var(--ast-global-color-5)","background-image":"","background-repeat":"repeat","background-position":"center center","background-size":"auto","background-attachment":"scroll","background-type":"","background-media":"","overlay-type":"","overlay-color":"","overlay-opacity":"","overlay-gradient":""},"mobile":{"background-color":"var(--ast-global-color-5)","background-image":"","background-repeat":"repeat","background-position":"center center","background-size":"auto","background-attachment":"scroll","background-type":"","background-media":"","overlay-type":"","overlay-color":"","overlay-opacity":"","overlay-gradient":""}},"footnotes":""},"class_list":["post-182","page","type-page","status-publish","has-post-thumbnail","hentry"],"yoast_head":"<!-- This site is optimized with the Yoast SEO plugin v27.6 - https:\/\/yoast.com\/product\/yoast-seo-wordpress\/ -->\n<title>Propriet\u00e0 nutritive del Carciofo - Carciofo di Montelupone biologico<\/title>\n<meta name=\"description\" content=\"In questa pagina sono elencate alcune delle propriet\u00e0 nutritive del Carciofo e i relativi benefici per la salute umana. Scoprili subito!\" \/>\n<meta name=\"robots\" content=\"index, follow, max-snippet:-1, max-image-preview:large, max-video-preview:-1\" \/>\n<link rel=\"canonical\" href=\"https:\/\/www.carciofodimontelupone.it\/en\/curiosita\/proprieta-nutritive-carciofo\/\" \/>\n<meta property=\"og:locale\" content=\"en_US\" \/>\n<meta property=\"og:type\" content=\"article\" \/>\n<meta property=\"og:title\" content=\"Propriet\u00e0 nutritive del Carciofo - Carciofo di Montelupone biologico\" \/>\n<meta property=\"og:description\" content=\"In questa pagina sono elencate alcune delle propriet\u00e0 nutritive del Carciofo e i relativi benefici per la salute umana. Scoprili subito!\" \/>\n<meta property=\"og:url\" content=\"https:\/\/www.carciofodimontelupone.it\/en\/curiosita\/proprieta-nutritive-carciofo\/\" \/>\n<meta property=\"og:site_name\" content=\"Carciofo di Montelupone biologico\" \/>\n<meta property=\"article:publisher\" content=\"https:\/\/www.facebook.com\/carciofodimontelupone\/\" \/>\n<meta property=\"article:modified_time\" content=\"2022-03-25T08:22:13+00:00\" \/>\n<meta property=\"og:image\" content=\"https:\/\/www.carciofodimontelupone.it\/wp-content\/uploads\/2019\/09\/nn.jpg\" \/>\n\t<meta property=\"og:image:width\" content=\"960\" \/>\n\t<meta property=\"og:image:height\" content=\"540\" \/>\n\t<meta property=\"og:image:type\" content=\"image\/jpeg\" \/>\n<meta name=\"twitter:card\" content=\"summary_large_image\" \/>\n<meta name=\"twitter:site\" content=\"@Carciofo_di_ML\" \/>\n<meta name=\"twitter:label1\" content=\"Est. reading time\" \/>\n\t<meta name=\"twitter:data1\" content=\"4 minutes\" \/>\n<script type=\"application\/ld+json\" class=\"yoast-schema-graph\">{\"@context\":\"https:\\\/\\\/schema.org\",\"@graph\":[{\"@type\":\"WebPage\",\"@id\":\"https:\\\/\\\/www.carciofodimontelupone.it\\\/curiosita\\\/proprieta-nutritive-carciofo\\\/\",\"url\":\"https:\\\/\\\/www.carciofodimontelupone.it\\\/curiosita\\\/proprieta-nutritive-carciofo\\\/\",\"name\":\"Propriet\u00e0 nutritive del Carciofo - Carciofo di Montelupone biologico\",\"isPartOf\":{\"@id\":\"https:\\\/\\\/www.carciofodimontelupone.it\\\/#website\"},\"primaryImageOfPage\":{\"@id\":\"https:\\\/\\\/www.carciofodimontelupone.it\\\/curiosita\\\/proprieta-nutritive-carciofo\\\/#primaryimage\"},\"image\":{\"@id\":\"https:\\\/\\\/www.carciofodimontelupone.it\\\/curiosita\\\/proprieta-nutritive-carciofo\\\/#primaryimage\"},\"thumbnailUrl\":\"https:\\\/\\\/www.carciofodimontelupone.it\\\/wp-content\\\/uploads\\\/2019\\\/09\\\/nn.jpg\",\"datePublished\":\"2014-03-25T15:10:15+00:00\",\"dateModified\":\"2022-03-25T08:22:13+00:00\",\"description\":\"In questa pagina sono elencate alcune delle propriet\u00e0 nutritive del Carciofo e i relativi benefici per la salute umana. Scoprili subito!\",\"breadcrumb\":{\"@id\":\"https:\\\/\\\/www.carciofodimontelupone.it\\\/curiosita\\\/proprieta-nutritive-carciofo\\\/#breadcrumb\"},\"inLanguage\":\"en-US\",\"potentialAction\":[{\"@type\":\"ReadAction\",\"target\":[\"https:\\\/\\\/www.carciofodimontelupone.it\\\/curiosita\\\/proprieta-nutritive-carciofo\\\/\"]}]},{\"@type\":\"ImageObject\",\"inLanguage\":\"en-US\",\"@id\":\"https:\\\/\\\/www.carciofodimontelupone.it\\\/curiosita\\\/proprieta-nutritive-carciofo\\\/#primaryimage\",\"url\":\"https:\\\/\\\/www.carciofodimontelupone.it\\\/wp-content\\\/uploads\\\/2019\\\/09\\\/nn.jpg\",\"contentUrl\":\"https:\\\/\\\/www.carciofodimontelupone.it\\\/wp-content\\\/uploads\\\/2019\\\/09\\\/nn.jpg\",\"width\":960,\"height\":540,\"caption\":\"Carciofo di Montelupone bio\"},{\"@type\":\"BreadcrumbList\",\"@id\":\"https:\\\/\\\/www.carciofodimontelupone.it\\\/curiosita\\\/proprieta-nutritive-carciofo\\\/#breadcrumb\",\"itemListElement\":[{\"@type\":\"ListItem\",\"position\":1,\"name\":\"Home\",\"item\":\"https:\\\/\\\/www.carciofodimontelupone.it\\\/\"},{\"@type\":\"ListItem\",\"position\":2,\"name\":\"Curiosit\u00e0\",\"item\":\"https:\\\/\\\/www.carciofodimontelupone.it\\\/curiosita\\\/\"},{\"@type\":\"ListItem\",\"position\":3,\"name\":\"Propriet\u00e0 nutritive del Carciofo\"}]},{\"@type\":\"WebSite\",\"@id\":\"https:\\\/\\\/www.carciofodimontelupone.it\\\/#website\",\"url\":\"https:\\\/\\\/www.carciofodimontelupone.it\\\/\",\"name\":\"Carciofo di Montelupone biologico\",\"description\":\"gustoso, sano, naturale\",\"publisher\":{\"@id\":\"https:\\\/\\\/www.carciofodimontelupone.it\\\/#organization\"},\"potentialAction\":[{\"@type\":\"SearchAction\",\"target\":{\"@type\":\"EntryPoint\",\"urlTemplate\":\"https:\\\/\\\/www.carciofodimontelupone.it\\\/?s={search_term_string}\"},\"query-input\":{\"@type\":\"PropertyValueSpecification\",\"valueRequired\":true,\"valueName\":\"search_term_string\"}}],\"inLanguage\":\"en-US\"},{\"@type\":\"Organization\",\"@id\":\"https:\\\/\\\/www.carciofodimontelupone.it\\\/#organization\",\"name\":\"Il Carciofo di Montelupone biologico\",\"url\":\"https:\\\/\\\/www.carciofodimontelupone.it\\\/\",\"logo\":{\"@type\":\"ImageObject\",\"inLanguage\":\"en-US\",\"@id\":\"https:\\\/\\\/www.carciofodimontelupone.it\\\/#\\\/schema\\\/logo\\\/image\\\/\",\"url\":\"https:\\\/\\\/www.carciofodimontelupone.it\\\/wp-content\\\/uploads\\\/2025\\\/12\\\/Carciolo-di-Montelupone-Logo.webp\",\"contentUrl\":\"https:\\\/\\\/www.carciofodimontelupone.it\\\/wp-content\\\/uploads\\\/2025\\\/12\\\/Carciolo-di-Montelupone-Logo.webp\",\"width\":410,\"height\":344,\"caption\":\"Il Carciofo di Montelupone biologico\"},\"image\":{\"@id\":\"https:\\\/\\\/www.carciofodimontelupone.it\\\/#\\\/schema\\\/logo\\\/image\\\/\"},\"sameAs\":[\"https:\\\/\\\/www.facebook.com\\\/carciofodimontelupone\\\/\",\"https:\\\/\\\/x.com\\\/Carciofo_di_ML\",\"https:\\\/\\\/www.instagram.com\\\/carciofodimontelupone\\\/\"]}]}<\/script>\n<!-- \/ Yoast SEO plugin. -->","yoast_head_json":{"title":"Propriet\u00e0 nutritive del Carciofo - Carciofo di Montelupone biologico","description":"In questa pagina sono elencate alcune delle propriet\u00e0 nutritive del Carciofo e i relativi benefici per la salute umana. Scoprili subito!","robots":{"index":"index","follow":"follow","max-snippet":"max-snippet:-1","max-image-preview":"max-image-preview:large","max-video-preview":"max-video-preview:-1"},"canonical":"https:\/\/www.carciofodimontelupone.it\/en\/curiosita\/proprieta-nutritive-carciofo\/","og_locale":"en_US","og_type":"article","og_title":"Propriet\u00e0 nutritive del Carciofo - Carciofo di Montelupone biologico","og_description":"In questa pagina sono elencate alcune delle propriet\u00e0 nutritive del Carciofo e i relativi benefici per la salute umana. Scoprili subito!","og_url":"https:\/\/www.carciofodimontelupone.it\/en\/curiosita\/proprieta-nutritive-carciofo\/","og_site_name":"Carciofo di Montelupone biologico","article_publisher":"https:\/\/www.facebook.com\/carciofodimontelupone\/","article_modified_time":"2022-03-25T08:22:13+00:00","og_image":[{"width":960,"height":540,"url":"https:\/\/www.carciofodimontelupone.it\/wp-content\/uploads\/2019\/09\/nn.jpg","type":"image\/jpeg"}],"twitter_card":"summary_large_image","twitter_site":"@Carciofo_di_ML","twitter_misc":{"Est. reading time":"4 minutes"},"schema":{"@context":"https:\/\/schema.org","@graph":[{"@type":"WebPage","@id":"https:\/\/www.carciofodimontelupone.it\/curiosita\/proprieta-nutritive-carciofo\/","url":"https:\/\/www.carciofodimontelupone.it\/curiosita\/proprieta-nutritive-carciofo\/","name":"Propriet\u00e0 nutritive del Carciofo - Carciofo di Montelupone biologico","isPartOf":{"@id":"https:\/\/www.carciofodimontelupone.it\/#website"},"primaryImageOfPage":{"@id":"https:\/\/www.carciofodimontelupone.it\/curiosita\/proprieta-nutritive-carciofo\/#primaryimage"},"image":{"@id":"https:\/\/www.carciofodimontelupone.it\/curiosita\/proprieta-nutritive-carciofo\/#primaryimage"},"thumbnailUrl":"https:\/\/www.carciofodimontelupone.it\/wp-content\/uploads\/2019\/09\/nn.jpg","datePublished":"2014-03-25T15:10:15+00:00","dateModified":"2022-03-25T08:22:13+00:00","description":"In questa pagina sono elencate alcune delle propriet\u00e0 nutritive del Carciofo e i relativi benefici per la salute umana. Scoprili subito!","breadcrumb":{"@id":"https:\/\/www.carciofodimontelupone.it\/curiosita\/proprieta-nutritive-carciofo\/#breadcrumb"},"inLanguage":"en-US","potentialAction":[{"@type":"ReadAction","target":["https:\/\/www.carciofodimontelupone.it\/curiosita\/proprieta-nutritive-carciofo\/"]}]},{"@type":"ImageObject","inLanguage":"en-US","@id":"https:\/\/www.carciofodimontelupone.it\/curiosita\/proprieta-nutritive-carciofo\/#primaryimage","url":"https:\/\/www.carciofodimontelupone.it\/wp-content\/uploads\/2019\/09\/nn.jpg","contentUrl":"https:\/\/www.carciofodimontelupone.it\/wp-content\/uploads\/2019\/09\/nn.jpg","width":960,"height":540,"caption":"Carciofo di Montelupone bio"},{"@type":"BreadcrumbList","@id":"https:\/\/www.carciofodimontelupone.it\/curiosita\/proprieta-nutritive-carciofo\/#breadcrumb","itemListElement":[{"@type":"ListItem","position":1,"name":"Home","item":"https:\/\/www.carciofodimontelupone.it\/"},{"@type":"ListItem","position":2,"name":"Curiosit\u00e0","item":"https:\/\/www.carciofodimontelupone.it\/curiosita\/"},{"@type":"ListItem","position":3,"name":"Propriet\u00e0 nutritive del Carciofo"}]},{"@type":"WebSite","@id":"https:\/\/www.carciofodimontelupone.it\/#website","url":"https:\/\/www.carciofodimontelupone.it\/","name":"Biological artichoke of Montelupone","description":"tasty, healthy, natural","publisher":{"@id":"https:\/\/www.carciofodimontelupone.it\/#organization"},"potentialAction":[{"@type":"SearchAction","target":{"@type":"EntryPoint","urlTemplate":"https:\/\/www.carciofodimontelupone.it\/?s={search_term_string}"},"query-input":{"@type":"PropertyValueSpecification","valueRequired":true,"valueName":"search_term_string"}}],"inLanguage":"en-US"},{"@type":"Organization","@id":"https:\/\/www.carciofodimontelupone.it\/#organization","name":"Biological artichoke of Montelupone","url":"https:\/\/www.carciofodimontelupone.it\/","logo":{"@type":"ImageObject","inLanguage":"en-US","@id":"https:\/\/www.carciofodimontelupone.it\/#\/schema\/logo\/image\/","url":"https:\/\/www.carciofodimontelupone.it\/wp-content\/uploads\/2025\/12\/Carciolo-di-Montelupone-Logo.webp","contentUrl":"https:\/\/www.carciofodimontelupone.it\/wp-content\/uploads\/2025\/12\/Carciolo-di-Montelupone-Logo.webp","width":410,"height":344,"caption":"Il Carciofo di Montelupone biologico"},"image":{"@id":"https:\/\/www.carciofodimontelupone.it\/#\/schema\/logo\/image\/"},"sameAs":["https:\/\/www.facebook.com\/carciofodimontelupone\/","https:\/\/x.com\/Carciofo_di_ML","https:\/\/www.instagram.com\/carciofodimontelupone\/"]}]}},"_links":{"self":[{"href":"https:\/\/www.carciofodimontelupone.it\/en\/wp-json\/wp\/v2\/pages\/182","targetHints":{"allow":["GET"]}}],"collection":[{"href":"https:\/\/www.carciofodimontelupone.it\/en\/wp-json\/wp\/v2\/pages"}],"about":[{"href":"https:\/\/www.carciofodimontelupone.it\/en\/wp-json\/wp\/v2\/types\/page"}],"author":[{"embeddable":true,"href":"https:\/\/www.carciofodimontelupone.it\/en\/wp-json\/wp\/v2\/users\/1"}],"replies":[{"embeddable":true,"href":"https:\/\/www.carciofodimontelupone.it\/en\/wp-json\/wp\/v2\/comments?post=182"}],"version-history":[{"count":23,"href":"https:\/\/www.carciofodimontelupone.it\/en\/wp-json\/wp\/v2\/pages\/182\/revisions"}],"predecessor-version":[{"id":1733,"href":"https:\/\/www.carciofodimontelupone.it\/en\/wp-json\/wp\/v2\/pages\/182\/revisions\/1733"}],"up":[{"embeddable":true,"href":"https:\/\/www.carciofodimontelupone.it\/en\/wp-json\/wp\/v2\/pages\/102"}],"wp:featuredmedia":[{"embeddable":true,"href":"https:\/\/www.carciofodimontelupone.it\/en\/wp-json\/wp\/v2\/media\/1367"}],"wp:attachment":[{"href":"https:\/\/www.carciofodimontelupone.it\/en\/wp-json\/wp\/v2\/media?parent=182"}],"curies":[{"name":"wp","href":"https:\/\/api.w.org\/{rel}","templated":true}]}}