{"id":102,"date":"2014-03-16T18:35:17","date_gmt":"2014-03-16T17:35:17","guid":{"rendered":"https:\/\/www.carciofodimontelupone.it\/?page_id=102"},"modified":"2024-04-11T13:23:33","modified_gmt":"2024-04-11T11:23:33","slug":"curiosita","status":"publish","type":"page","link":"https:\/\/www.carciofodimontelupone.it\/en\/curiosita\/","title":{"rendered":"Curiosity"},"content":{"rendered":"<h2>Did you know that ...?<\/h2>\n<p><strong>Marilyn Monroe<\/strong>\u00a0was the first \"Queen of the Artichoke\" (<em>Artichoke Queen<\/em>) in 1949 at the \"Artichoke Festival\" (<em>Artichoke Festival<\/em>) which was celebrated every year in Castroville, California.<\/p>\n<figure id=\"attachment_473\" aria-describedby=\"caption-attachment-473\" style=\"width: 180px\" class=\"wp-caption aligncenter\"><a href=\"https:\/\/www.carciofodimontelupone.it\/wp-content\/uploads\/2014\/03\/marilyn_monroe_artichoke.png\" rel=\"attachment wp-att-473\"><img loading=\"lazy\" decoding=\"async\" class=\"size-medium wp-image-473\" src=\"https:\/\/www.carciofodimontelupone.it\/wp-content\/uploads\/2014\/03\/marilyn_monroe_artichoke-180x300.png\" alt=\"Marilyn Monroe &quot;Regina del Carciofo&quot; 1949\" width=\"180\" height=\"300\" srcset=\"https:\/\/www.carciofodimontelupone.it\/wp-content\/uploads\/2014\/03\/marilyn_monroe_artichoke-180x300.png 180w, https:\/\/www.carciofodimontelupone.it\/wp-content\/uploads\/2014\/03\/marilyn_monroe_artichoke-7x12.png 7w, https:\/\/www.carciofodimontelupone.it\/wp-content\/uploads\/2014\/03\/marilyn_monroe_artichoke.png 382w\" sizes=\"auto, (max-width: 180px) 100vw, 180px\" \/><\/a><figcaption id=\"caption-attachment-473\" class=\"wp-caption-text\">Marilyn Monroe \"Queen of the Artichoke\" 1949<\/figcaption><\/figure>\n<p>Artichoke and beauty have often walked hand in hand. Just think of the <strong>Legend of Cynara<\/strong>. <em>Cynara scolymus<\/em> il nome scientifico del carciofo, \u00e8 legato ad una storia della mitologia classica. <strong>Il primo Carciofo fu l&#8217;incarnazione di una bellissima fanciulla, Cynara.<\/strong> Quando Zeus, invaghito di lei, decise di farla diventare una dea, in modo che potesse essere vicino a lui sull&#8217;Olimpo, ella scapp\u00f2 nel mondo dei mortali. Zeus si infuri\u00f2 per questo rifiuto e trasform\u00f2 la ninfa in un carciofo.<\/p>\n<p>Reliable sources attest that the first Italian cultivation of the artichoke took place in <strong>Sicily<\/strong>, in the first century. The <a href=\"https:\/\/it.wikipedia.org\/wiki\/Cynara\"><em>https:\/\/en.wikipedia.org\/wiki\/Cynara<\/em><\/a>\u00a0was already known by the Greeks and Romans, but it was almost certainly the thistle. In the fifteenth century the artichoke was already consumed in Italy.<\/p>\n<p>In European Renaissance painting, the artichoke is represented in several authors including:\u00a0<em>L&#8217;ortolana<\/em>\u00a0of\u00a0<strong>Vincenzo Campi<\/strong>,\u00a0<em>Cucina<\/em>\u00a0of <strong>Floris van Schooten<\/strong>,\u00a0<em>Nat<\/em><em>ura<\/em><em> morta di<\/em><em> aspa<\/em><em>ragi,<\/em><em> ca<\/em><em>rciofi,<\/em><em> lemons and cherries<\/em>\u00a0of <strong>Blas De Ledesma<\/strong>,\u00a0<em>L&#8217;estate<\/em>\u00a0and <em>Vertumnus<\/em> of <strong>Arcimboldo<\/strong>.<\/p>\n<figure id=\"attachment_474\" aria-describedby=\"caption-attachment-474\" style=\"width: 239px\" class=\"wp-caption aligncenter\"><a href=\"https:\/\/www.carciofodimontelupone.it\/wp-content\/uploads\/2014\/03\/vertumnus.png\" rel=\"attachment wp-att-474\"><img loading=\"lazy\" decoding=\"async\" class=\"size-medium wp-image-474\" src=\"https:\/\/www.carciofodimontelupone.it\/wp-content\/uploads\/2014\/03\/vertumnus-239x300.png\" alt=\"Vertumnus di Arcimboldo\" width=\"239\" height=\"300\" srcset=\"https:\/\/www.carciofodimontelupone.it\/wp-content\/uploads\/2014\/03\/vertumnus-239x300.png 239w, https:\/\/www.carciofodimontelupone.it\/wp-content\/uploads\/2014\/03\/vertumnus-10x12.png 10w, https:\/\/www.carciofodimontelupone.it\/wp-content\/uploads\/2014\/03\/vertumnus-400x503.png 400w, https:\/\/www.carciofodimontelupone.it\/wp-content\/uploads\/2014\/03\/vertumnus-300x377.png 300w, https:\/\/www.carciofodimontelupone.it\/wp-content\/uploads\/2014\/03\/vertumnus.png 420w\" sizes=\"auto, (max-width: 239px) 100vw, 239px\" \/><\/a><figcaption id=\"caption-attachment-474\" class=\"wp-caption-text\"><em>\u00a0 \u00a0 \u00a0 Vertumnus<\/em> of Arcimboldo<\/figcaption><\/figure>\n<p><strong>Pablo Neruda<\/strong>, Nobel Prize for Literature in 1971, wrote the poem\u00a0<em>Oda a la Alcachofa<\/em>\u00a0(\u201cOde al carciofo\u201d), which is part of the collection\u00a0<em>Odas Elementales<\/em>.<\/p>\n<figure id=\"attachment_476\" aria-describedby=\"caption-attachment-476\" style=\"width: 640px\" class=\"wp-caption aligncenter\"><a href=\"https:\/\/www.carciofodimontelupone.it\/wp-content\/uploads\/2014\/03\/pablo_neruda.png\" rel=\"attachment wp-att-476\"><img loading=\"lazy\" decoding=\"async\" class=\"wp-image-476 size-large\" src=\"https:\/\/www.carciofodimontelupone.it\/wp-content\/uploads\/2014\/03\/pablo_neruda-1024x538.png\" alt=\"Pablo Neruda Premio Nobel 1971\" width=\"640\" height=\"336\" srcset=\"https:\/\/www.carciofodimontelupone.it\/wp-content\/uploads\/2014\/03\/pablo_neruda-1024x538.png 1024w, https:\/\/www.carciofodimontelupone.it\/wp-content\/uploads\/2014\/03\/pablo_neruda-300x158.png 300w, https:\/\/www.carciofodimontelupone.it\/wp-content\/uploads\/2014\/03\/pablo_neruda-768x404.png 768w, https:\/\/www.carciofodimontelupone.it\/wp-content\/uploads\/2014\/03\/pablo_neruda-18x9.png 18w, https:\/\/www.carciofodimontelupone.it\/wp-content\/uploads\/2014\/03\/pablo_neruda-1000x526.png 1000w, https:\/\/www.carciofodimontelupone.it\/wp-content\/uploads\/2014\/03\/pablo_neruda-750x394.png 750w, https:\/\/www.carciofodimontelupone.it\/wp-content\/uploads\/2014\/03\/pablo_neruda-400x210.png 400w, https:\/\/www.carciofodimontelupone.it\/wp-content\/uploads\/2014\/03\/pablo_neruda.png 1025w\" sizes=\"auto, (max-width: 640px) 100vw, 640px\" \/><\/a><figcaption id=\"caption-attachment-476\" class=\"wp-caption-text\">Pablo Neruda - Nobel Prize for Literature in 1971<\/figcaption><\/figure>\n<p style=\"text-align: center;\"><strong>&#8220;Ode al carciofo&#8221; di Pablo Neruda<\/strong><br \/>\n<em>Il carciofo dal tenero cuore si vest\u00ec da guerriero,<\/em><br \/>\n<em> ispida edific\u00f2 una piccola cupola,<\/em><br \/>\n<em> si mantenne all\u2019asciutto sotto le sue squame,<\/em><br \/>\n<em> vicino al lui i vegetali impazziti si arricciarono,<\/em><br \/>\n<em> divennero viticci,<\/em><br \/>\n<em> infiorescenze commoventi rizomi;<\/em><br \/>\n<em> sotterranea dorm\u00ec la carota dai baffi rossi,<\/em><br \/>\n<em> la vigna inarid\u00ec i suoi rami dai quali sale il vino,<\/em><br \/>\n<em> la verza si mise a provar gonne,<\/em><br \/>\n<em> l\u2019origano a profumare il mondo,<\/em><br \/>\n<em> e il dolce carciofo l\u00ec nell\u2019orto vestito da guerriero,<\/em><br \/>\n<em> brunito come bomba a mano,<\/em><br \/>\n<em> orgoglioso,<\/em><br \/>\n<em> e un bel giorno,<\/em><br \/>\n<em> a ranghi serrati,<\/em><br \/>\n<em> in grandi canestri di vimini,<\/em><br \/>\n<em> marci\u00f2 verso il mercato a realizzare il suo sogno:<\/em><br \/>\n<em> la milizia.<\/em><br \/>\n<em> Nei filari mai fu cos\u00ec marziale come al mercato,<\/em><br \/>\n<em> gli uomini in mezzo ai legumi coi bianchi spolverini erano i generali dei carciofi,<\/em><br \/>\n<em> file compatte,<\/em><br \/>\n<em> voci di comando e la detonazione di una cassetta che cade,<\/em><br \/>\n<em> ma allora arriva Maria col suo paniere,<\/em><br \/>\n<em> sceglie un carciofo,<\/em><br \/>\n<em> non lo teme,<\/em><br \/>\n<em> lo esamina,<\/em><br \/>\n<em> l\u2019osserva contro luce come se fosse un uovo,<\/em><br \/>\n<em> lo compra,<\/em><br \/>\n<em> lo confonde nella sua borsa con un paio di scarpe,<\/em><br \/>\n<em> con un cavolo e una bottiglia di aceto finch\u00e9,<\/em><br \/>\n<em> entrando in cucina,<\/em><br \/>\n<em> lo tuffa nella pentola.<\/em><br \/>\n<em> Cos\u00ec finisce in pace la carriera del vegetale armato che si chiama carciofo,<\/em><br \/>\n<em> poi squama per squama spogliamo la delizia e mangiamo la pacifica pasta<\/em><br \/>\n<em> del suo cuore verde.<\/em><\/p>\n<h3>For other curiosities visit the pages:<\/h3>\n<ul>\n<li><a href=\"https:\/\/www.carciofodimontelupone.it\/curiosita\/carciofi-per-la-prevenzione-dei-tumori\/\">Artichokes for cancer prevention<\/a><\/li>\n<li><a href=\"https:\/\/www.carciofodimontelupone.it\/curiosita\/il-carciofo-di-montelupone-su-borghimagazine\/\">The artichoke of Montelupone in Borghimagazine<\/a><\/li>\n<li><a href=\"https:\/\/www.carciofodimontelupone.it\/curiosita\/proprieta-nutritive-carciofo\/\">Nutritional properties of the artichoke<\/a><\/li>\n<li><a href=\"https:\/\/www.carciofodimontelupone.it\/curiosita\/il-carciofo-di-montelupone-protagonista-nella-ricerca-scientifica\/\">The artichoke of Montelupone protagonist in scientific research<\/a><\/li>\n<li><a href=\"https:\/\/www.carciofodimontelupone.it\/sagra-carciofo-montelupone\/\">The Artichoke of Montelupone Festival<\/a><\/li>\n<li><a href=\"https:\/\/www.carciofodimontelupone.it\/raci\/\">RACI - The Artichoke of Montelupone present at the Agricultural Review of Central Italy<\/a><\/li>\n<\/ul>","protected":false},"excerpt":{"rendered":"<p>Lo sapevi che&#8230;? Marilyn Monroe\u00a0fu la prima &#8220;Regina del Carciofo&#8221; (Artichoke Queen) nel\u00a01949 al &#8220;Festival del Carciofo&#8221; (Artichoke Festival) che in passato si celebrava a Castroville in California. Carciofo e bellezza spesso hanno camminato a braccetto. Basti pensare alla leggenda di Cynara. Cynara scolymus il nome scientifico del carciofo, \u00e8 legato ad una storia della [&hellip;]<\/p>\n","protected":false},"author":1,"featured_media":473,"parent":0,"menu_order":0,"comment_status":"closed","ping_status":"open","template":"","meta":{"site-sidebar-layout":"default","site-content-layout":"","ast-site-content-layout":"default","site-content-style":"default","site-sidebar-style":"default","ast-global-header-display":"","ast-banner-title-visibility":"","ast-main-header-display":"","ast-hfb-above-header-display":"","ast-hfb-below-header-display":"","ast-hfb-mobile-header-display":"","site-post-title":"","ast-breadcrumbs-content":"","ast-featured-img":"","footer-sml-layout":"","ast-disable-related-posts":"","theme-transparent-header-meta":"","adv-header-id-meta":"","stick-header-meta":"","header-above-stick-meta":"","header-main-stick-meta":"","header-below-stick-meta":"","astra-migrate-meta-layouts":"set","ast-page-background-enabled":"default","ast-page-background-meta":{"desktop":{"background-color":"var(--ast-global-color-4)","background-image":"","background-repeat":"repeat","background-position":"center center","background-size":"auto","background-attachment":"scroll","background-type":"","background-media":"","overlay-type":"","overlay-color":"","overlay-opacity":"","overlay-gradient":""},"tablet":{"background-color":"","background-image":"","background-repeat":"repeat","background-position":"center center","background-size":"auto","background-attachment":"scroll","background-type":"","background-media":"","overlay-type":"","overlay-color":"","overlay-opacity":"","overlay-gradient":""},"mobile":{"background-color":"","background-image":"","background-repeat":"repeat","background-position":"center center","background-size":"auto","background-attachment":"scroll","background-type":"","background-media":"","overlay-type":"","overlay-color":"","overlay-opacity":"","overlay-gradient":""}},"ast-content-background-meta":{"desktop":{"background-color":"var(--ast-global-color-5)","background-image":"","background-repeat":"repeat","background-position":"center center","background-size":"auto","background-attachment":"scroll","background-type":"","background-media":"","overlay-type":"","overlay-color":"","overlay-opacity":"","overlay-gradient":""},"tablet":{"background-color":"var(--ast-global-color-5)","background-image":"","background-repeat":"repeat","background-position":"center center","background-size":"auto","background-attachment":"scroll","background-type":"","background-media":"","overlay-type":"","overlay-color":"","overlay-opacity":"","overlay-gradient":""},"mobile":{"background-color":"var(--ast-global-color-5)","background-image":"","background-repeat":"repeat","background-position":"center center","background-size":"auto","background-attachment":"scroll","background-type":"","background-media":"","overlay-type":"","overlay-color":"","overlay-opacity":"","overlay-gradient":""}},"footnotes":""},"class_list":["post-102","page","type-page","status-publish","has-post-thumbnail","hentry"],"yoast_head":"<!-- This site is optimized with the Yoast SEO plugin v27.6 - https:\/\/yoast.com\/product\/yoast-seo-wordpress\/ -->\n<title>Curiosit\u00e0 - Carciofo di Montelupone biologico<\/title>\n<meta name=\"description\" content=\"Scopri tutte le curiosit\u00e0 riguardanti il Carciofo di Montelupone. Lo sapevi che Marilyn Monroe fu la prima &quot;Regina del Carciofo&quot; nel 1949?\" \/>\n<meta name=\"robots\" content=\"index, follow, max-snippet:-1, max-image-preview:large, max-video-preview:-1\" \/>\n<link rel=\"canonical\" href=\"https:\/\/www.carciofodimontelupone.it\/en\/curiosita\/\" \/>\n<meta property=\"og:locale\" content=\"en_US\" \/>\n<meta property=\"og:type\" content=\"article\" \/>\n<meta property=\"og:title\" content=\"Curiosit\u00e0 - Carciofo di Montelupone biologico\" \/>\n<meta property=\"og:description\" content=\"Scopri tutte le curiosit\u00e0 riguardanti il Carciofo di Montelupone. Lo sapevi che Marilyn Monroe fu la prima &quot;Regina del Carciofo&quot; nel 1949?\" \/>\n<meta property=\"og:url\" content=\"https:\/\/www.carciofodimontelupone.it\/en\/curiosita\/\" \/>\n<meta property=\"og:site_name\" content=\"Carciofo di Montelupone biologico\" \/>\n<meta property=\"article:publisher\" content=\"https:\/\/www.facebook.com\/carciofodimontelupone\/\" \/>\n<meta property=\"article:modified_time\" content=\"2024-04-11T11:23:33+00:00\" \/>\n<meta property=\"og:image\" content=\"https:\/\/www.carciofodimontelupone.it\/wp-content\/uploads\/2014\/03\/marilyn_monroe_artichoke.png\" \/>\n\t<meta property=\"og:image:width\" content=\"382\" \/>\n\t<meta property=\"og:image:height\" content=\"638\" \/>\n\t<meta property=\"og:image:type\" content=\"image\/png\" \/>\n<meta name=\"twitter:card\" content=\"summary_large_image\" \/>\n<meta name=\"twitter:site\" content=\"@Carciofo_di_ML\" \/>\n<meta name=\"twitter:label1\" content=\"Est. reading time\" \/>\n\t<meta name=\"twitter:data1\" content=\"4 minutes\" \/>\n<script type=\"application\/ld+json\" class=\"yoast-schema-graph\">{\"@context\":\"https:\\\/\\\/schema.org\",\"@graph\":[{\"@type\":\"WebPage\",\"@id\":\"https:\\\/\\\/www.carciofodimontelupone.it\\\/curiosita\\\/\",\"url\":\"https:\\\/\\\/www.carciofodimontelupone.it\\\/curiosita\\\/\",\"name\":\"Curiosit\u00e0 - Carciofo di Montelupone biologico\",\"isPartOf\":{\"@id\":\"https:\\\/\\\/www.carciofodimontelupone.it\\\/#website\"},\"primaryImageOfPage\":{\"@id\":\"https:\\\/\\\/www.carciofodimontelupone.it\\\/curiosita\\\/#primaryimage\"},\"image\":{\"@id\":\"https:\\\/\\\/www.carciofodimontelupone.it\\\/curiosita\\\/#primaryimage\"},\"thumbnailUrl\":\"https:\\\/\\\/www.carciofodimontelupone.it\\\/wp-content\\\/uploads\\\/2014\\\/03\\\/marilyn_monroe_artichoke.png\",\"datePublished\":\"2014-03-16T17:35:17+00:00\",\"dateModified\":\"2024-04-11T11:23:33+00:00\",\"description\":\"Scopri tutte le curiosit\u00e0 riguardanti il Carciofo di Montelupone. Lo sapevi che Marilyn Monroe fu la prima \\\"Regina del Carciofo\\\" nel 1949?\",\"breadcrumb\":{\"@id\":\"https:\\\/\\\/www.carciofodimontelupone.it\\\/curiosita\\\/#breadcrumb\"},\"inLanguage\":\"en-US\",\"potentialAction\":[{\"@type\":\"ReadAction\",\"target\":[\"https:\\\/\\\/www.carciofodimontelupone.it\\\/curiosita\\\/\"]}]},{\"@type\":\"ImageObject\",\"inLanguage\":\"en-US\",\"@id\":\"https:\\\/\\\/www.carciofodimontelupone.it\\\/curiosita\\\/#primaryimage\",\"url\":\"https:\\\/\\\/www.carciofodimontelupone.it\\\/wp-content\\\/uploads\\\/2014\\\/03\\\/marilyn_monroe_artichoke.png\",\"contentUrl\":\"https:\\\/\\\/www.carciofodimontelupone.it\\\/wp-content\\\/uploads\\\/2014\\\/03\\\/marilyn_monroe_artichoke.png\",\"width\":382,\"height\":638,\"caption\":\"Marilyn Monroe - \\\"Regina del Carciofo\\\" - 1949\"},{\"@type\":\"BreadcrumbList\",\"@id\":\"https:\\\/\\\/www.carciofodimontelupone.it\\\/curiosita\\\/#breadcrumb\",\"itemListElement\":[{\"@type\":\"ListItem\",\"position\":1,\"name\":\"Home\",\"item\":\"https:\\\/\\\/www.carciofodimontelupone.it\\\/\"},{\"@type\":\"ListItem\",\"position\":2,\"name\":\"Curiosit\u00e0\"}]},{\"@type\":\"WebSite\",\"@id\":\"https:\\\/\\\/www.carciofodimontelupone.it\\\/#website\",\"url\":\"https:\\\/\\\/www.carciofodimontelupone.it\\\/\",\"name\":\"Carciofo di Montelupone biologico\",\"description\":\"gustoso, sano, naturale\",\"publisher\":{\"@id\":\"https:\\\/\\\/www.carciofodimontelupone.it\\\/#organization\"},\"potentialAction\":[{\"@type\":\"SearchAction\",\"target\":{\"@type\":\"EntryPoint\",\"urlTemplate\":\"https:\\\/\\\/www.carciofodimontelupone.it\\\/?s={search_term_string}\"},\"query-input\":{\"@type\":\"PropertyValueSpecification\",\"valueRequired\":true,\"valueName\":\"search_term_string\"}}],\"inLanguage\":\"en-US\"},{\"@type\":\"Organization\",\"@id\":\"https:\\\/\\\/www.carciofodimontelupone.it\\\/#organization\",\"name\":\"Il Carciofo di Montelupone biologico\",\"url\":\"https:\\\/\\\/www.carciofodimontelupone.it\\\/\",\"logo\":{\"@type\":\"ImageObject\",\"inLanguage\":\"en-US\",\"@id\":\"https:\\\/\\\/www.carciofodimontelupone.it\\\/#\\\/schema\\\/logo\\\/image\\\/\",\"url\":\"https:\\\/\\\/www.carciofodimontelupone.it\\\/wp-content\\\/uploads\\\/2025\\\/12\\\/Carciolo-di-Montelupone-Logo.webp\",\"contentUrl\":\"https:\\\/\\\/www.carciofodimontelupone.it\\\/wp-content\\\/uploads\\\/2025\\\/12\\\/Carciolo-di-Montelupone-Logo.webp\",\"width\":410,\"height\":344,\"caption\":\"Il Carciofo di Montelupone biologico\"},\"image\":{\"@id\":\"https:\\\/\\\/www.carciofodimontelupone.it\\\/#\\\/schema\\\/logo\\\/image\\\/\"},\"sameAs\":[\"https:\\\/\\\/www.facebook.com\\\/carciofodimontelupone\\\/\",\"https:\\\/\\\/x.com\\\/Carciofo_di_ML\",\"https:\\\/\\\/www.instagram.com\\\/carciofodimontelupone\\\/\"]}]}<\/script>\n<!-- \/ Yoast SEO plugin. -->","yoast_head_json":{"title":"Curiosit\u00e0 - Carciofo di Montelupone biologico","description":"Scopri tutte le curiosit\u00e0 riguardanti il Carciofo di Montelupone. Lo sapevi che Marilyn Monroe fu la prima \"Regina del Carciofo\" nel 1949?","robots":{"index":"index","follow":"follow","max-snippet":"max-snippet:-1","max-image-preview":"max-image-preview:large","max-video-preview":"max-video-preview:-1"},"canonical":"https:\/\/www.carciofodimontelupone.it\/en\/curiosita\/","og_locale":"en_US","og_type":"article","og_title":"Curiosit\u00e0 - Carciofo di Montelupone biologico","og_description":"Scopri tutte le curiosit\u00e0 riguardanti il Carciofo di Montelupone. Lo sapevi che Marilyn Monroe fu la prima \"Regina del Carciofo\" nel 1949?","og_url":"https:\/\/www.carciofodimontelupone.it\/en\/curiosita\/","og_site_name":"Carciofo di Montelupone biologico","article_publisher":"https:\/\/www.facebook.com\/carciofodimontelupone\/","article_modified_time":"2024-04-11T11:23:33+00:00","og_image":[{"width":382,"height":638,"url":"https:\/\/www.carciofodimontelupone.it\/wp-content\/uploads\/2014\/03\/marilyn_monroe_artichoke.png","type":"image\/png"}],"twitter_card":"summary_large_image","twitter_site":"@Carciofo_di_ML","twitter_misc":{"Est. reading time":"4 minutes"},"schema":{"@context":"https:\/\/schema.org","@graph":[{"@type":"WebPage","@id":"https:\/\/www.carciofodimontelupone.it\/curiosita\/","url":"https:\/\/www.carciofodimontelupone.it\/curiosita\/","name":"Curiosit\u00e0 - Carciofo di Montelupone biologico","isPartOf":{"@id":"https:\/\/www.carciofodimontelupone.it\/#website"},"primaryImageOfPage":{"@id":"https:\/\/www.carciofodimontelupone.it\/curiosita\/#primaryimage"},"image":{"@id":"https:\/\/www.carciofodimontelupone.it\/curiosita\/#primaryimage"},"thumbnailUrl":"https:\/\/www.carciofodimontelupone.it\/wp-content\/uploads\/2014\/03\/marilyn_monroe_artichoke.png","datePublished":"2014-03-16T17:35:17+00:00","dateModified":"2024-04-11T11:23:33+00:00","description":"Scopri tutte le curiosit\u00e0 riguardanti il Carciofo di Montelupone. Lo sapevi che Marilyn Monroe fu la prima \"Regina del Carciofo\" nel 1949?","breadcrumb":{"@id":"https:\/\/www.carciofodimontelupone.it\/curiosita\/#breadcrumb"},"inLanguage":"en-US","potentialAction":[{"@type":"ReadAction","target":["https:\/\/www.carciofodimontelupone.it\/curiosita\/"]}]},{"@type":"ImageObject","inLanguage":"en-US","@id":"https:\/\/www.carciofodimontelupone.it\/curiosita\/#primaryimage","url":"https:\/\/www.carciofodimontelupone.it\/wp-content\/uploads\/2014\/03\/marilyn_monroe_artichoke.png","contentUrl":"https:\/\/www.carciofodimontelupone.it\/wp-content\/uploads\/2014\/03\/marilyn_monroe_artichoke.png","width":382,"height":638,"caption":"Marilyn Monroe - \"Regina del Carciofo\" - 1949"},{"@type":"BreadcrumbList","@id":"https:\/\/www.carciofodimontelupone.it\/curiosita\/#breadcrumb","itemListElement":[{"@type":"ListItem","position":1,"name":"Home","item":"https:\/\/www.carciofodimontelupone.it\/"},{"@type":"ListItem","position":2,"name":"Curiosit\u00e0"}]},{"@type":"WebSite","@id":"https:\/\/www.carciofodimontelupone.it\/#website","url":"https:\/\/www.carciofodimontelupone.it\/","name":"Biological artichoke of Montelupone","description":"tasty, healthy, natural","publisher":{"@id":"https:\/\/www.carciofodimontelupone.it\/#organization"},"potentialAction":[{"@type":"SearchAction","target":{"@type":"EntryPoint","urlTemplate":"https:\/\/www.carciofodimontelupone.it\/?s={search_term_string}"},"query-input":{"@type":"PropertyValueSpecification","valueRequired":true,"valueName":"search_term_string"}}],"inLanguage":"en-US"},{"@type":"Organization","@id":"https:\/\/www.carciofodimontelupone.it\/#organization","name":"Biological artichoke of Montelupone","url":"https:\/\/www.carciofodimontelupone.it\/","logo":{"@type":"ImageObject","inLanguage":"en-US","@id":"https:\/\/www.carciofodimontelupone.it\/#\/schema\/logo\/image\/","url":"https:\/\/www.carciofodimontelupone.it\/wp-content\/uploads\/2025\/12\/Carciolo-di-Montelupone-Logo.webp","contentUrl":"https:\/\/www.carciofodimontelupone.it\/wp-content\/uploads\/2025\/12\/Carciolo-di-Montelupone-Logo.webp","width":410,"height":344,"caption":"Il Carciofo di Montelupone biologico"},"image":{"@id":"https:\/\/www.carciofodimontelupone.it\/#\/schema\/logo\/image\/"},"sameAs":["https:\/\/www.facebook.com\/carciofodimontelupone\/","https:\/\/x.com\/Carciofo_di_ML","https:\/\/www.instagram.com\/carciofodimontelupone\/"]}]}},"_links":{"self":[{"href":"https:\/\/www.carciofodimontelupone.it\/en\/wp-json\/wp\/v2\/pages\/102","targetHints":{"allow":["GET"]}}],"collection":[{"href":"https:\/\/www.carciofodimontelupone.it\/en\/wp-json\/wp\/v2\/pages"}],"about":[{"href":"https:\/\/www.carciofodimontelupone.it\/en\/wp-json\/wp\/v2\/types\/page"}],"author":[{"embeddable":true,"href":"https:\/\/www.carciofodimontelupone.it\/en\/wp-json\/wp\/v2\/users\/1"}],"replies":[{"embeddable":true,"href":"https:\/\/www.carciofodimontelupone.it\/en\/wp-json\/wp\/v2\/comments?post=102"}],"version-history":[{"count":34,"href":"https:\/\/www.carciofodimontelupone.it\/en\/wp-json\/wp\/v2\/pages\/102\/revisions"}],"predecessor-version":[{"id":11423,"href":"https:\/\/www.carciofodimontelupone.it\/en\/wp-json\/wp\/v2\/pages\/102\/revisions\/11423"}],"wp:featuredmedia":[{"embeddable":true,"href":"https:\/\/www.carciofodimontelupone.it\/en\/wp-json\/wp\/v2\/media\/473"}],"wp:attachment":[{"href":"https:\/\/www.carciofodimontelupone.it\/en\/wp-json\/wp\/v2\/media?parent=102"}],"curies":[{"name":"wp","href":"https:\/\/api.w.org\/{rel}","templated":true}]}}